{"id":44,"date":"2025-02-03T18:35:56","date_gmt":"2025-02-03T18:35:56","guid":{"rendered":"https:\/\/sportdomein-maastricht.nl\/?page_id=44"},"modified":"2025-02-03T18:35:59","modified_gmt":"2025-02-03T18:35:59","slug":"contacten","status":"publish","type":"page","link":"https:\/\/sportdomein-maastricht.nl\/ro\/contacten\/","title":{"rendered":"Contacte"},"content":{"rendered":"<p>Bine a\u021bi venit la <strong>Domeniul sportiv Maastricht<\/strong>. Suntem preg\u0103ti\u021bi s\u0103 primim toate \u00eentreb\u0103rile, comentariile \u0219i sugestiile dumneavoastr\u0103. V\u0103 rug\u0103m s\u0103 ne contacta\u021bi folosind datele de mai jos sau s\u0103 folosi\u021bi formularul de contact pentru a trimite un mesaj direct.<\/p>\n<h2>E-mail<\/h2>\n<p>Ave\u021bi o \u00eentrebare sau dori\u021bi s\u0103 ne spune\u021bi ceva? Trimite\u021bi-ne un e-mail prin <a href=\"mailto:info@sportdomein-maastricht.nl\">info@sportdomein-maastricht.nl<\/a>. Vom face tot posibilul s\u0103 r\u0103spundem \u00een termen de 24 de ore.<\/p>\n<h2>Formular de feedback<\/h2>\n<p>V\u0103 rug\u0103m s\u0103 folosi\u021bi formularul de mai jos pentru a ne contacta direct. Apreciem feedback-ul dumneavoastr\u0103 \u0219i suntem bucuro\u0219i s\u0103 v\u0103 ajut\u0103m!<\/p>\n<form action=\"\/ro\/verzenden\/\" method=\"post\" data-trp-original-action=\"\/verzenden\">\n        <label for=\"naam\">Nume:<\/label><br \/>\n        <input type=\"text\" id=\"naam\" name=\"naam\" required><\/p>\n<p>        <label for=\"email\">Adresa de e-mail:<\/label><br \/>\n        <input type=\"email\" id=\"email\" name=\"email\" required><\/p>\n<p>        <label for=\"onderwerp\">Subiect:<\/label><br \/>\n        <input type=\"text\" id=\"onderwerp\" name=\"onderwerp\" required><\/p>\n<p>        <label for=\"bericht\">Mesaj:<\/label><br \/>\n        <textarea id=\"bericht\" name=\"bericht\" rows=\"5\" required><\/textarea><\/p>\n<p>        <button type=\"submit\">Trimite<\/button><br \/>\n    <input type=\"hidden\" name=\"trp-form-language\" value=\"ro\"\/><\/form>","protected":false},"excerpt":{"rendered":"<p>Welkom bij SportdomeinMaastricht. Wij staan klaar om al jouw vragen, opmerkingen en suggesties te ontvangen. Neem gerust contact met ons op via de onderstaande gegevens of gebruik het contactformulier om direct een bericht te sturen. E-mail Heb je een vraag of wil je ons iets laten weten? Stuur ons een e-mail via info@sportdomein-maastricht.nl. Wij doen [&hellip;]<\/p>","protected":false},"author":1,"featured_media":0,"parent":0,"menu_order":0,"comment_status":"closed","ping_status":"closed","template":"","meta":{"_acf_changed":false,"footnotes":""},"class_list":["post-44","page","type-page","status-publish","hentry"],"acf":[],"yoast_head":"<!-- This site is optimized with the Yoast SEO plugin v23.2 - https:\/\/yoast.com\/wordpress\/plugins\/seo\/ -->\n<title>Contacten - sportdomein-maastricht.nl<\/title>\n<meta name=\"robots\" content=\"index, follow, max-snippet:-1, max-image-preview:large, max-video-preview:-1\" \/>\n<link rel=\"canonical\" href=\"https:\/\/sportdomein-maastricht.nl\/ro\/contacten\/\" \/>\n<meta property=\"og:locale\" content=\"ro_RO\" \/>\n<meta property=\"og:type\" content=\"article\" \/>\n<meta property=\"og:title\" content=\"Contacten - sportdomein-maastricht.nl\" \/>\n<meta property=\"og:description\" content=\"Welkom bij SportdomeinMaastricht. Wij staan klaar om al jouw vragen, opmerkingen en suggesties te ontvangen. Neem gerust contact met ons op via de onderstaande gegevens of gebruik het contactformulier om direct een bericht te sturen. E-mail Heb je een vraag of wil je ons iets laten weten? Stuur ons een e-mail via info@sportdomein-maastricht.nl. Wij doen [&hellip;]\" \/>\n<meta property=\"og:url\" content=\"https:\/\/sportdomein-maastricht.nl\/ro\/contacten\/\" \/>\n<meta property=\"og:site_name\" content=\"sportdomein-maastricht.nl\" \/>\n<meta property=\"article:modified_time\" content=\"2025-02-03T18:35:59+00:00\" \/>\n<meta name=\"twitter:card\" content=\"summary_large_image\" \/>\n<meta name=\"twitter:label1\" content=\"Timp estimat pentru citire\" \/>\n\t<meta name=\"twitter:data1\" content=\"1 minut\" \/>\n<script type=\"application\/ld+json\" class=\"yoast-schema-graph\">{\"@context\":\"https:\/\/schema.org\",\"@graph\":[{\"@type\":\"WebPage\",\"@id\":\"https:\/\/sportdomein-maastricht.nl\/contacten\/\",\"url\":\"https:\/\/sportdomein-maastricht.nl\/contacten\/\",\"name\":\"Contacten - sportdomein-maastricht.nl\",\"isPartOf\":{\"@id\":\"https:\/\/sportdomein-maastricht.nl\/#website\"},\"datePublished\":\"2025-02-03T18:35:56+00:00\",\"dateModified\":\"2025-02-03T18:35:59+00:00\",\"breadcrumb\":{\"@id\":\"https:\/\/sportdomein-maastricht.nl\/contacten\/#breadcrumb\"},\"inLanguage\":\"ro-RO\",\"potentialAction\":[{\"@type\":\"ReadAction\",\"target\":[\"https:\/\/sportdomein-maastricht.nl\/contacten\/\"]}]},{\"@type\":\"BreadcrumbList\",\"@id\":\"https:\/\/sportdomein-maastricht.nl\/contacten\/#breadcrumb\",\"itemListElement\":[{\"@type\":\"ListItem\",\"position\":1,\"name\":\"Home\",\"item\":\"https:\/\/sportdomein-maastricht.nl\/\"},{\"@type\":\"ListItem\",\"position\":2,\"name\":\"Contacten\"}]},{\"@type\":\"WebSite\",\"@id\":\"https:\/\/sportdomein-maastricht.nl\/#website\",\"url\":\"https:\/\/sportdomein-maastricht.nl\/\",\"name\":\"sportdomein-maastricht.nl\",\"description\":\"Trendy kleding, stijltips en fashion-inspiratie voor een stijlvolle look\",\"potentialAction\":[{\"@type\":\"SearchAction\",\"target\":{\"@type\":\"EntryPoint\",\"urlTemplate\":\"https:\/\/sportdomein-maastricht.nl\/?s={search_term_string}\"},\"query-input\":\"required name=search_term_string\"}],\"inLanguage\":\"ro-RO\"}]}<\/script>\n<!-- \/ Yoast SEO plugin. -->","yoast_head_json":{"title":"Contacten - sportdomein-maastricht.nl","robots":{"index":"index","follow":"follow","max-snippet":"max-snippet:-1","max-image-preview":"max-image-preview:large","max-video-preview":"max-video-preview:-1"},"canonical":"https:\/\/sportdomein-maastricht.nl\/ro\/contacten\/","og_locale":"ro_RO","og_type":"article","og_title":"Contacten - sportdomein-maastricht.nl","og_description":"Welkom bij SportdomeinMaastricht. Wij staan klaar om al jouw vragen, opmerkingen en suggesties te ontvangen. Neem gerust contact met ons op via de onderstaande gegevens of gebruik het contactformulier om direct een bericht te sturen. E-mail Heb je een vraag of wil je ons iets laten weten? Stuur ons een e-mail via info@sportdomein-maastricht.nl. Wij doen [&hellip;]","og_url":"https:\/\/sportdomein-maastricht.nl\/ro\/contacten\/","og_site_name":"sportdomein-maastricht.nl","article_modified_time":"2025-02-03T18:35:59+00:00","twitter_card":"summary_large_image","twitter_misc":{"Timp estimat pentru citire":"1 minut"},"schema":{"@context":"https:\/\/schema.org","@graph":[{"@type":"WebPage","@id":"https:\/\/sportdomein-maastricht.nl\/contacten\/","url":"https:\/\/sportdomein-maastricht.nl\/contacten\/","name":"Contacten - sportdomein-maastricht.nl","isPartOf":{"@id":"https:\/\/sportdomein-maastricht.nl\/#website"},"datePublished":"2025-02-03T18:35:56+00:00","dateModified":"2025-02-03T18:35:59+00:00","breadcrumb":{"@id":"https:\/\/sportdomein-maastricht.nl\/contacten\/#breadcrumb"},"inLanguage":"ro-RO","potentialAction":[{"@type":"ReadAction","target":["https:\/\/sportdomein-maastricht.nl\/contacten\/"]}]},{"@type":"BreadcrumbList","@id":"https:\/\/sportdomein-maastricht.nl\/contacten\/#breadcrumb","itemListElement":[{"@type":"ListItem","position":1,"name":"Home","item":"https:\/\/sportdomein-maastricht.nl\/"},{"@type":"ListItem","position":2,"name":"Contacten"}]},{"@type":"WebSite","@id":"https:\/\/sportdomein-maastricht.nl\/#website","url":"https:\/\/sportdomein-maastricht.nl\/","name":"sportdomein-maastricht.nl","description":"Trendy kleding, stijltips en fashion-inspiratie voor een stijlvolle look","potentialAction":[{"@type":"SearchAction","target":{"@type":"EntryPoint","urlTemplate":"https:\/\/sportdomein-maastricht.nl\/?s={search_term_string}"},"query-input":"required name=search_term_string"}],"inLanguage":"ro-RO"}]}},"yoast_meta":{"yoast_wpseo_title":"","yoast_wpseo_metadesc":"","yoast_wpseo_canonical":"https:\/\/sportdomein-maastricht.nl\/ro\/wp-json\/wp\/v2\/pages\/44"},"_links":{"self":[{"href":"https:\/\/sportdomein-maastricht.nl\/ro\/wp-json\/wp\/v2\/pages\/44","targetHints":{"allow":["GET"]}}],"collection":[{"href":"https:\/\/sportdomein-maastricht.nl\/ro\/wp-json\/wp\/v2\/pages"}],"about":[{"href":"https:\/\/sportdomein-maastricht.nl\/ro\/wp-json\/wp\/v2\/types\/page"}],"author":[{"embeddable":true,"href":"https:\/\/sportdomein-maastricht.nl\/ro\/wp-json\/wp\/v2\/users\/1"}],"replies":[{"embeddable":true,"href":"https:\/\/sportdomein-maastricht.nl\/ro\/wp-json\/wp\/v2\/comments?post=44"}],"version-history":[{"count":1,"href":"https:\/\/sportdomein-maastricht.nl\/ro\/wp-json\/wp\/v2\/pages\/44\/revisions"}],"predecessor-version":[{"id":46,"href":"https:\/\/sportdomein-maastricht.nl\/ro\/wp-json\/wp\/v2\/pages\/44\/revisions\/46"}],"wp:attachment":[{"href":"https:\/\/sportdomein-maastricht.nl\/ro\/wp-json\/wp\/v2\/media?parent=44"}],"curies":[{"name":"wp","href":"https:\/\/api.w.org\/{rel}","templated":true}]}}