{"id":45,"date":"2025-02-03T18:37:25","date_gmt":"2025-02-03T18:37:25","guid":{"rendered":"https:\/\/sportdomein-maastricht.nl\/?page_id=45"},"modified":"2025-02-03T18:37:27","modified_gmt":"2025-02-03T18:37:27","slug":"over-het-bedrijf","status":"publish","type":"page","link":"https:\/\/sportdomein-maastricht.nl\/ro\/over-het-bedrijf\/","title":{"rendered":"Despre companie"},"content":{"rendered":"<p>Bine a\u021bi venit la <strong>SportDomeinMaastricht<\/strong>! Suntem un blog de mod\u0103 axat pe cele mai recente tendin\u021be, sfaturi de stil \u0219i inspira\u021bie \u00een materie de mod\u0103. Indiferent dac\u0103 e\u0219ti \u00een c\u0103utarea unor sfaturi despre \u021binute de zi cu zi, a celor mai recente tendin\u021be \u00een mod\u0103 sau a unor sfaturi despre cum s\u0103 ie\u0219i \u00een eviden\u021b\u0103 cu hainele tale, le avem pe toate.<\/p>\n<p>Misiunea noastr\u0103 este s\u0103 te ajut\u0103m s\u0103-\u021bi g\u0103se\u0219ti \u0219i s\u0103-\u021bi \u00eembr\u0103\u021bi\u0219ezi stilul unic. Credem c\u0103 moda este o modalitate de a te exprima \u0219i vrem s\u0103 te inspir\u0103m s\u0103 fii cea mai bun\u0103 versiune a ta \u00een fiecare zi. Articolele noastre sunt concepute pentru a v\u0103 oferi cele mai recente informa\u021bii despre mod\u0103 \u0219i sfaturi practice pe care le pute\u021bi aplica imediat.<\/p>\n<p><img loading=\"lazy\" decoding=\"async\" class=\"aligncenter wp-image-47 size-full\" src=\"https:\/\/sportdomein-maastricht.nl\/wp-content\/uploads\/2025\/02\/photo-new.jpg\" alt=\"\" width=\"612\" height=\"408\" srcset=\"https:\/\/sportdomein-maastricht.nl\/wp-content\/uploads\/2025\/02\/photo-new.jpg 612w, https:\/\/sportdomein-maastricht.nl\/wp-content\/uploads\/2025\/02\/photo-new-300x200.jpg 300w\" sizes=\"auto, (max-width: 612px) 100vw, 612px\" \/><\/p>\n<h2>La ce te po\u021bi a\u0219tepta pe blogul nostru?<\/h2>\n<ul>\n<li><strong>Inspira\u021bie \u00een mod\u0103:<\/strong> Cele mai noi tendin\u021be \u0219i stiluri, de la street style la high fashion.<\/li>\n<li><strong>Idei de \u021binute:<\/strong> Sfaturi utile pentru a crea \u021binute pentru orice ocazie.<\/li>\n<li><strong>Accesorii:<\/strong> Cum s\u0103 folose\u0219ti accesoriile pentru a-\u021bi completa \u021binuta.<\/li>\n<li><strong>Sfaturi de mod\u0103:<\/strong> Cum s\u0103 por\u021bi haine care se potrivesc tipului t\u0103u de corp \u0219i personalit\u0103\u021bii tale.<\/li>\n<li><strong>Tendin\u021be sezoniere:<\/strong> Ce s\u0103 por\u021bi \u00een fiecare sezon pentru a r\u0103m\u00e2ne la mod\u0103.<\/li>\n<\/ul>\n<p>Pasiunea noastr\u0103 pentru mod\u0103 este clar vizibil\u0103 \u00een fiecare articol pe care \u00eel public\u0103m. Depunem toate eforturile pentru a v\u0103 oferi cele mai bune sfaturi, inspira\u021bie \u0219i recomand\u0103ri, astfel \u00eenc\u00e2t s\u0103 v\u0103 pute\u021bi bucura \u00eentotdeauna de mod\u0103 cu \u00eencredere.<\/p>\n<p>R\u0103m\u00e2i la curent cu cele mai recente informa\u021bii despre mod\u0103 vizit\u00e2nd regulat blogul nostru. Suntem aici s\u0103 te ajut\u0103m s\u0103-\u021bi duci stilul vestimentar la nivelul urm\u0103tor!<\/p>","protected":false},"excerpt":{"rendered":"<p>Welkom bij SportDomeinMaastricht! Wij zijn een modeblog die zich richt op de laatste trends, stylingadvies en mode-inspiratie. Of je nu op zoek bent naar tips voor dagelijkse outfits, de nieuwste modetrends, of advies over hoe je een statement kunt maken met je kleding, wij bieden het allemaal. Onze missie is om jou te helpen jouw [&hellip;]<\/p>","protected":false},"author":1,"featured_media":0,"parent":0,"menu_order":0,"comment_status":"closed","ping_status":"closed","template":"","meta":{"_acf_changed":false,"footnotes":""},"class_list":["post-45","page","type-page","status-publish","hentry"],"acf":[],"yoast_head":"<!-- This site is optimized with the Yoast SEO plugin v23.2 - https:\/\/yoast.com\/wordpress\/plugins\/seo\/ -->\n<title>Over het bedrijf - sportdomein-maastricht.nl<\/title>\n<meta name=\"description\" content=\"Ontdek de laatste trends, mode-inspiratie en stylingtips op onze modeblog. Altijd up-to-date over fashion!\" \/>\n<meta name=\"robots\" content=\"index, follow, max-snippet:-1, max-image-preview:large, max-video-preview:-1\" \/>\n<link rel=\"canonical\" href=\"https:\/\/sportdomein-maastricht.nl\/ro\/over-het-bedrijf\/\" \/>\n<meta property=\"og:locale\" content=\"ro_RO\" \/>\n<meta property=\"og:type\" content=\"article\" \/>\n<meta property=\"og:title\" content=\"Over het bedrijf - sportdomein-maastricht.nl\" \/>\n<meta property=\"og:description\" content=\"Ontdek de laatste trends, mode-inspiratie en stylingtips op onze modeblog. Altijd up-to-date over fashion!\" \/>\n<meta property=\"og:url\" content=\"https:\/\/sportdomein-maastricht.nl\/ro\/over-het-bedrijf\/\" \/>\n<meta property=\"og:site_name\" content=\"sportdomein-maastricht.nl\" \/>\n<meta property=\"article:modified_time\" content=\"2025-02-03T18:37:27+00:00\" \/>\n<meta property=\"og:image\" content=\"https:\/\/sportdomein-maastricht.nl\/wp-content\/uploads\/2025\/02\/photo-new.jpg\" \/>\n<meta name=\"twitter:card\" content=\"summary_large_image\" \/>\n<meta name=\"twitter:label1\" content=\"Timp estimat pentru citire\" \/>\n\t<meta name=\"twitter:data1\" content=\"2 minute\" \/>\n<script type=\"application\/ld+json\" class=\"yoast-schema-graph\">{\"@context\":\"https:\/\/schema.org\",\"@graph\":[{\"@type\":\"WebPage\",\"@id\":\"https:\/\/sportdomein-maastricht.nl\/over-het-bedrijf\/\",\"url\":\"https:\/\/sportdomein-maastricht.nl\/over-het-bedrijf\/\",\"name\":\"Over het bedrijf - sportdomein-maastricht.nl\",\"isPartOf\":{\"@id\":\"https:\/\/sportdomein-maastricht.nl\/#website\"},\"primaryImageOfPage\":{\"@id\":\"https:\/\/sportdomein-maastricht.nl\/over-het-bedrijf\/#primaryimage\"},\"image\":{\"@id\":\"https:\/\/sportdomein-maastricht.nl\/over-het-bedrijf\/#primaryimage\"},\"thumbnailUrl\":\"https:\/\/sportdomein-maastricht.nl\/wp-content\/uploads\/2025\/02\/photo-new.jpg\",\"datePublished\":\"2025-02-03T18:37:25+00:00\",\"dateModified\":\"2025-02-03T18:37:27+00:00\",\"description\":\"Ontdek de laatste trends, mode-inspiratie en stylingtips op onze modeblog. Altijd up-to-date over fashion!\",\"breadcrumb\":{\"@id\":\"https:\/\/sportdomein-maastricht.nl\/over-het-bedrijf\/#breadcrumb\"},\"inLanguage\":\"ro-RO\",\"potentialAction\":[{\"@type\":\"ReadAction\",\"target\":[\"https:\/\/sportdomein-maastricht.nl\/over-het-bedrijf\/\"]}]},{\"@type\":\"ImageObject\",\"inLanguage\":\"ro-RO\",\"@id\":\"https:\/\/sportdomein-maastricht.nl\/over-het-bedrijf\/#primaryimage\",\"url\":\"https:\/\/sportdomein-maastricht.nl\/wp-content\/uploads\/2025\/02\/photo-new.jpg\",\"contentUrl\":\"https:\/\/sportdomein-maastricht.nl\/wp-content\/uploads\/2025\/02\/photo-new.jpg\"},{\"@type\":\"BreadcrumbList\",\"@id\":\"https:\/\/sportdomein-maastricht.nl\/over-het-bedrijf\/#breadcrumb\",\"itemListElement\":[{\"@type\":\"ListItem\",\"position\":1,\"name\":\"Home\",\"item\":\"https:\/\/sportdomein-maastricht.nl\/\"},{\"@type\":\"ListItem\",\"position\":2,\"name\":\"Over het bedrijf\"}]},{\"@type\":\"WebSite\",\"@id\":\"https:\/\/sportdomein-maastricht.nl\/#website\",\"url\":\"https:\/\/sportdomein-maastricht.nl\/\",\"name\":\"sportdomein-maastricht.nl\",\"description\":\"Trendy kleding, stijltips en fashion-inspiratie voor een stijlvolle look\",\"potentialAction\":[{\"@type\":\"SearchAction\",\"target\":{\"@type\":\"EntryPoint\",\"urlTemplate\":\"https:\/\/sportdomein-maastricht.nl\/?s={search_term_string}\"},\"query-input\":\"required name=search_term_string\"}],\"inLanguage\":\"ro-RO\"}]}<\/script>\n<!-- \/ Yoast SEO plugin. -->","yoast_head_json":{"title":"Over het bedrijf - sportdomein-maastricht.nl","description":"Ontdek de laatste trends, mode-inspiratie en stylingtips op onze modeblog. Altijd up-to-date over fashion!","robots":{"index":"index","follow":"follow","max-snippet":"max-snippet:-1","max-image-preview":"max-image-preview:large","max-video-preview":"max-video-preview:-1"},"canonical":"https:\/\/sportdomein-maastricht.nl\/ro\/over-het-bedrijf\/","og_locale":"ro_RO","og_type":"article","og_title":"Over het bedrijf - sportdomein-maastricht.nl","og_description":"Ontdek de laatste trends, mode-inspiratie en stylingtips op onze modeblog. Altijd up-to-date over fashion!","og_url":"https:\/\/sportdomein-maastricht.nl\/ro\/over-het-bedrijf\/","og_site_name":"sportdomein-maastricht.nl","article_modified_time":"2025-02-03T18:37:27+00:00","og_image":[{"url":"https:\/\/sportdomein-maastricht.nl\/wp-content\/uploads\/2025\/02\/photo-new.jpg"}],"twitter_card":"summary_large_image","twitter_misc":{"Timp estimat pentru citire":"2 minute"},"schema":{"@context":"https:\/\/schema.org","@graph":[{"@type":"WebPage","@id":"https:\/\/sportdomein-maastricht.nl\/over-het-bedrijf\/","url":"https:\/\/sportdomein-maastricht.nl\/over-het-bedrijf\/","name":"Over het bedrijf - sportdomein-maastricht.nl","isPartOf":{"@id":"https:\/\/sportdomein-maastricht.nl\/#website"},"primaryImageOfPage":{"@id":"https:\/\/sportdomein-maastricht.nl\/over-het-bedrijf\/#primaryimage"},"image":{"@id":"https:\/\/sportdomein-maastricht.nl\/over-het-bedrijf\/#primaryimage"},"thumbnailUrl":"https:\/\/sportdomein-maastricht.nl\/wp-content\/uploads\/2025\/02\/photo-new.jpg","datePublished":"2025-02-03T18:37:25+00:00","dateModified":"2025-02-03T18:37:27+00:00","description":"Ontdek de laatste trends, mode-inspiratie en stylingtips op onze modeblog. Altijd up-to-date over fashion!","breadcrumb":{"@id":"https:\/\/sportdomein-maastricht.nl\/over-het-bedrijf\/#breadcrumb"},"inLanguage":"ro-RO","potentialAction":[{"@type":"ReadAction","target":["https:\/\/sportdomein-maastricht.nl\/over-het-bedrijf\/"]}]},{"@type":"ImageObject","inLanguage":"ro-RO","@id":"https:\/\/sportdomein-maastricht.nl\/over-het-bedrijf\/#primaryimage","url":"https:\/\/sportdomein-maastricht.nl\/wp-content\/uploads\/2025\/02\/photo-new.jpg","contentUrl":"https:\/\/sportdomein-maastricht.nl\/wp-content\/uploads\/2025\/02\/photo-new.jpg"},{"@type":"BreadcrumbList","@id":"https:\/\/sportdomein-maastricht.nl\/over-het-bedrijf\/#breadcrumb","itemListElement":[{"@type":"ListItem","position":1,"name":"Home","item":"https:\/\/sportdomein-maastricht.nl\/"},{"@type":"ListItem","position":2,"name":"Over het bedrijf"}]},{"@type":"WebSite","@id":"https:\/\/sportdomein-maastricht.nl\/#website","url":"https:\/\/sportdomein-maastricht.nl\/","name":"sportdomein-maastricht.nl","description":"Trendy kleding, stijltips en fashion-inspiratie voor een stijlvolle look","potentialAction":[{"@type":"SearchAction","target":{"@type":"EntryPoint","urlTemplate":"https:\/\/sportdomein-maastricht.nl\/?s={search_term_string}"},"query-input":"required name=search_term_string"}],"inLanguage":"ro-RO"}]}},"yoast_meta":{"yoast_wpseo_title":"","yoast_wpseo_metadesc":"","yoast_wpseo_canonical":"https:\/\/sportdomein-maastricht.nl\/ro\/wp-json\/wp\/v2\/pages\/45"},"_links":{"self":[{"href":"https:\/\/sportdomein-maastricht.nl\/ro\/wp-json\/wp\/v2\/pages\/45","targetHints":{"allow":["GET"]}}],"collection":[{"href":"https:\/\/sportdomein-maastricht.nl\/ro\/wp-json\/wp\/v2\/pages"}],"about":[{"href":"https:\/\/sportdomein-maastricht.nl\/ro\/wp-json\/wp\/v2\/types\/page"}],"author":[{"embeddable":true,"href":"https:\/\/sportdomein-maastricht.nl\/ro\/wp-json\/wp\/v2\/users\/1"}],"replies":[{"embeddable":true,"href":"https:\/\/sportdomein-maastricht.nl\/ro\/wp-json\/wp\/v2\/comments?post=45"}],"version-history":[{"count":1,"href":"https:\/\/sportdomein-maastricht.nl\/ro\/wp-json\/wp\/v2\/pages\/45\/revisions"}],"predecessor-version":[{"id":48,"href":"https:\/\/sportdomein-maastricht.nl\/ro\/wp-json\/wp\/v2\/pages\/45\/revisions\/48"}],"wp:attachment":[{"href":"https:\/\/sportdomein-maastricht.nl\/ro\/wp-json\/wp\/v2\/media?parent=45"}],"curies":[{"name":"wp","href":"https:\/\/api.w.org\/{rel}","templated":true}]}}